{"id":5675,"date":"2026-01-16T23:09:18","date_gmt":"2026-01-16T22:09:18","guid":{"rendered":"https:\/\/summercontrast.org\/?page_id=5675"},"modified":"2026-03-22T23:25:24","modified_gmt":"2026-03-22T22:25:24","slug":"dolacz","status":"publish","type":"page","link":"https:\/\/summercontrast.org\/index.php\/dolacz\/","title":{"rendered":"Do\u0142\u0105cz"},"content":{"rendered":"\t\t<div data-elementor-type=\"wp-page\" data-elementor-id=\"5675\" class=\"elementor elementor-5675\" data-elementor-post-type=\"page\">\n\t\t\t\t<div class=\"elementor-element elementor-element-8e05f8c e-flex e-con-boxed e-con e-parent\" data-id=\"8e05f8c\" data-element_type=\"container\">\n\t\t\t\t\t<div class=\"e-con-inner\">\n\t\t<div class=\"elementor-element elementor-element-f45e0f9 e-con-full e-flex e-con e-child\" data-id=\"f45e0f9\" data-element_type=\"container\">\n\t\t\t\t<div class=\"elementor-element elementor-element-ccf5b06 elementor-widget elementor-widget-spacer\" data-id=\"ccf5b06\" data-element_type=\"widget\" data-widget_type=\"spacer.default\">\n\t\t\t\t<div class=\"elementor-widget-container\">\n\t\t\t\t\t\t\t<div class=\"elementor-spacer\">\n\t\t\t<div class=\"elementor-spacer-inner\"><\/div>\n\t\t<\/div>\n\t\t\t\t\t\t<\/div>\n\t\t\t\t<\/div>\n\t\t\t\t<div class=\"elementor-element elementor-element-61848ce elementor-widget elementor-widget-text-editor\" data-id=\"61848ce\" data-element_type=\"widget\" data-widget_type=\"text-editor.default\">\n\t\t\t\t<div class=\"elementor-widget-container\">\n\t\t\t\t\t\t\t\t\t<p data-start=\"87\" data-end=\"289\">SummerContrast to festiwal zrodzony z pasji i wsp\u00f3lnej kreatywno\u015bci. Szukamy os\u00f3b pe\u0142nych zapa\u0142u \u2014 tych, kt\u00f3rzy chc\u0105 prowadzi\u0107 warsztaty, tworzy\u0107 dekoracje, budowa\u0107 stoiska lub inspirowa\u0107 innych.<\/p><p data-start=\"291\" data-end=\"408\">Do\u0142\u0105cz do nas, a razem zamienimy nasze pomys\u0142y w niezapomniane do\u015bwiadczenia \u2014 pe\u0142ne kolor\u00f3w, rado\u015bci i magii.<\/p>\t\t\t\t\t\t\t\t<\/div>\n\t\t\t\t<\/div>\n\t\t\t\t<div class=\"elementor-element elementor-element-db01d12 elementor-widget elementor-widget-image\" data-id=\"db01d12\" data-element_type=\"widget\" data-widget_type=\"image.default\">\n\t\t\t\t<div class=\"elementor-widget-container\">\n\t\t\t\t\t\t\t\t\t\t\t\t\t\t\t<img fetchpriority=\"high\" decoding=\"async\" width=\"800\" height=\"523\" src=\"https:\/\/summercontrast.org\/wp-content\/uploads\/2026\/01\/sc7-e1768575098559-1024x670.png\" class=\"attachment-large size-large wp-image-5599\" alt=\"\" srcset=\"https:\/\/summercontrast.org\/wp-content\/uploads\/2026\/01\/sc7-e1768575098559-1024x670.png 1024w, https:\/\/summercontrast.org\/wp-content\/uploads\/2026\/01\/sc7-e1768575098559-300x196.png 300w, https:\/\/summercontrast.org\/wp-content\/uploads\/2026\/01\/sc7-e1768575098559-768x503.png 768w, https:\/\/summercontrast.org\/wp-content\/uploads\/2026\/01\/sc7-e1768575098559-600x393.png 600w, https:\/\/summercontrast.org\/wp-content\/uploads\/2026\/01\/sc7-e1768575098559.png 1410w\" sizes=\"(max-width: 800px) 100vw, 800px\" \/>\t\t\t\t\t\t\t\t\t\t\t\t\t\t\t<\/div>\n\t\t\t\t<\/div>\n\t\t\t\t<div class=\"elementor-element elementor-element-70cc7c9 elementor-widget elementor-widget-heading\" data-id=\"70cc7c9\" data-element_type=\"widget\" data-widget_type=\"heading.default\">\n\t\t\t\t<div class=\"elementor-widget-container\">\n\t\t\t\t\t<h2 class=\"elementor-heading-title elementor-size-default\">Wsp\u00f3\u0142praca - Do\u0142\u0105cz do zespo\u0142u<\/h2>\t\t\t\t<\/div>\n\t\t\t\t<\/div>\n\t\t\t\t<div class=\"elementor-element elementor-element-eb8422a elementor-widget elementor-widget-text-editor\" data-id=\"eb8422a\" data-element_type=\"widget\" data-widget_type=\"text-editor.default\">\n\t\t\t\t<div class=\"elementor-widget-container\">\n\t\t\t\t\t\t\t\t\t<p data-start=\"228\" data-end=\"405\">Masz talent, pasj\u0119 albo pomys\u0142, kt\u00f3rym chcesz podzieli\u0107 si\u0119 ze \u015bwiatem? SummerContrast to przestrze\u0144 dla tw\u00f3rc\u00f3w, artyst\u00f3w, performer\u00f3w, edukator\u00f3w, wizjoner\u00f3w i wolnych duch\u00f3w.<\/p>\n&nbsp;\n<p data-start=\"407\" data-end=\"470\">Szukamy os\u00f3b do wsp\u00f3\u0142tworzenia festiwalu w r\u00f3\u017cnych obszarach:<\/p>\n<p data-start=\"473\" data-end=\"498\"><strong data-start=\"473\" data-end=\"495\">dekoracje i VJ-ing<\/strong>,<\/p>\n<p data-start=\"501\" data-end=\"540\"><strong data-start=\"501\" data-end=\"537\">warsztaty i dzia\u0142ania edukacyjne<\/strong>,<\/p>\n<p data-start=\"543\" data-end=\"582\"><strong data-start=\"543\" data-end=\"579\">performanse i pokazy artystyczne<\/strong>,<\/p>\n<p data-start=\"585\" data-end=\"611\"><strong data-start=\"585\" data-end=\"608\">zesp\u00f3\u0142 foto &amp; video<\/strong>,<\/p>\n<p data-start=\"614\" data-end=\"648\"><strong data-start=\"614\" data-end=\"647\">ambasadorzy i tw\u00f3rcy contentu<\/strong>.<\/p><br>\n<p data-start=\"650\" data-end=\"899\">Niezale\u017cnie od tego, czy tworzysz sztuk\u0119, uczysz, wyst\u0119pujesz, dokumentujesz, czy budujesz spo\u0142eczno\u015bci \u2014 chcemy Ci\u0119 pozna\u0107. Opowiedz nam o swoim pomy\u015ble, talencie lub wizji i do\u0142\u0105cz do ekipy, kt\u00f3ra wsp\u00f3lnie tworzy magiczn\u0105 atmosfer\u0119 SummerContrast.<\/p>\t\t\t\t\t\t\t\t<\/div>\n\t\t\t\t<\/div>\n\t\t\t\t<div class=\"elementor-element elementor-element-e8ac924 elementor-align-center elementor-widget elementor-widget-button\" data-id=\"e8ac924\" data-element_type=\"widget\" data-widget_type=\"button.default\">\n\t\t\t\t<div class=\"elementor-widget-container\">\n\t\t\t\t\t\t\t\t\t<div class=\"elementor-button-wrapper\">\n\t\t\t\t\t<a class=\"elementor-button elementor-button-link elementor-size-sm\" href=\"#elementor-action%3Aaction%3Dpopup%3Aopen%26settings%3DeyJpZCI6IjU2NjciLCJ0b2dnbGUiOmZhbHNlfQ%3D%3D\">\n\t\t\t\t\t\t<span class=\"elementor-button-content-wrapper\">\n\t\t\t\t\t\t\t\t\t<span class=\"elementor-button-text\">Do\u0142\u0105cz<\/span>\n\t\t\t\t\t<\/span>\n\t\t\t\t\t<\/a>\n\t\t\t\t<\/div>\n\t\t\t\t\t\t\t\t<\/div>\n\t\t\t\t<\/div>\n\t\t<div class=\"elementor-element elementor-element-d84a9d2 e-con-full e-flex e-con e-child\" data-id=\"d84a9d2\" data-element_type=\"container\">\n\t\t\t\t<div class=\"elementor-element elementor-element-87806c8 elementor-widget elementor-widget-spacer\" data-id=\"87806c8\" data-element_type=\"widget\" data-widget_type=\"spacer.default\">\n\t\t\t\t<div class=\"elementor-widget-container\">\n\t\t\t\t\t\t\t<div class=\"elementor-spacer\">\n\t\t\t<div class=\"elementor-spacer-inner\"><\/div>\n\t\t<\/div>\n\t\t\t\t\t\t<\/div>\n\t\t\t\t<\/div>\n\t\t\t\t<div class=\"elementor-element elementor-element-bbf6149 elementor-widget elementor-widget-heading\" data-id=\"bbf6149\" data-element_type=\"widget\" data-widget_type=\"heading.default\">\n\t\t\t\t<div class=\"elementor-widget-container\">\n\t\t\t\t\t<h2 class=\"elementor-heading-title elementor-size-default\">Wystawcy \/ Sklepy<\/h2>\t\t\t\t<\/div>\n\t\t\t\t<\/div>\n\t\t\t\t<div class=\"elementor-element elementor-element-9bc3ac1 elementor-widget elementor-widget-text-editor\" data-id=\"9bc3ac1\" data-element_type=\"widget\" data-widget_type=\"text-editor.default\">\n\t\t\t\t<div class=\"elementor-widget-container\">\n\t\t\t\t\t\t\t\t\t<p data-start=\"948\" data-end=\"1089\">Tworzysz r\u0119kodzie\u0142o, unikatowe produkty lub designerskie przedmioty? Chcesz zaprezentowa\u0107 swoj\u0105 mark\u0119 w wyj\u0105tkowej, festiwalowej przestrzeni?<\/p>\n<p data-start=\"1091\" data-end=\"1335\">Zapraszamy wystawc\u00f3w, artyst\u00f3w i sklepy do udzia\u0142u w naszym plenerowym markecie SummerContrast. Zale\u017cy nam na r\u00f3\u017cnorodno\u015bci, jako\u015bci i oryginalno\u015bci \u2014 chcemy, aby uczestnicy mogli odkrywa\u0107 niepowtarzalne produkty i historie stoj\u0105ce za nimi.<\/p>\n<p data-start=\"1337\" data-end=\"1473\">Opowiedz nam o swoim asortymencie i do\u0142\u0105cz do festiwalowego marketu, gdzie Twoje produkty zyskaj\u0105 wyj\u0105tkow\u0105 opraw\u0119 i \u015bwietn\u0105 ekspozycj\u0119.<\/p>\n\nnapisz do nas: <b><a href=\"mailto:info@summercontrast.org\">info@summercontrast.org<\/a> \t\t\t\t\t\t\t\t<\/div>\n\t\t\t\t<\/div>\n\t\t\t\t<div class=\"elementor-element elementor-element-bd29b33 elementor-align-center elementor-hidden-desktop elementor-hidden-tablet elementor-hidden-mobile elementor-widget elementor-widget-button\" data-id=\"bd29b33\" data-element_type=\"widget\" data-widget_type=\"button.default\">\n\t\t\t\t<div class=\"elementor-widget-container\">\n\t\t\t\t\t\t\t\t\t<div class=\"elementor-button-wrapper\">\n\t\t\t\t\t<a class=\"elementor-button elementor-button-link elementor-size-sm\" href=\"#elementor-action%3Aaction%3Dpopup%3Aopen%26settings%3DeyJpZCI6IjU3MDIiLCJ0b2dnbGUiOmZhbHNlfQ%3D%3D\">\n\t\t\t\t\t\t<span class=\"elementor-button-content-wrapper\">\n\t\t\t\t\t\t\t\t\t<span class=\"elementor-button-text\">do\u0142\u0105cz<\/span>\n\t\t\t\t\t<\/span>\n\t\t\t\t\t<\/a>\n\t\t\t\t<\/div>\n\t\t\t\t\t\t\t\t<\/div>\n\t\t\t\t<\/div>\n\t\t\t\t<\/div>\n\t\t\t\t<\/div>\n\t\t\t\t\t<\/div>\n\t\t\t\t<\/div>\n\t\t<div class=\"elementor-element elementor-element-c7bc3f5 e-con-full e-flex e-con e-parent\" data-id=\"c7bc3f5\" data-element_type=\"container\">\n\t\t\t\t<\/div>\n\t\t\t\t<\/div>\n\t\t","protected":false},"excerpt":{"rendered":"<p>SummerContrast to festiwal zrodzony z pasji i wsp\u00f3lnej kreatywno\u015bci. Szukamy os\u00f3b pe\u0142nych zapa\u0142u \u2014 tych, kt\u00f3rzy chc\u0105 prowadzi\u0107 warsztaty, tworzy\u0107 dekoracje, budowa\u0107 stoiska lub inspirowa\u0107 innych. Do\u0142\u0105cz do nas, a razem zamienimy nasze pomys\u0142y w niezapomniane do\u015bwiadczenia \u2014 pe\u0142ne kolor\u00f3w, rado\u015bci i magii. Wsp\u00f3\u0142praca &#8211; Do\u0142\u0105cz do zespo\u0142u Masz talent, pasj\u0119 albo pomys\u0142, kt\u00f3rym chcesz [&hellip;]<\/p>\n","protected":false},"author":1,"featured_media":0,"parent":0,"menu_order":0,"comment_status":"closed","ping_status":"closed","template":"","meta":{"footnotes":""},"class_list":["post-5675","page","type-page","status-publish","hentry"],"jetpack_sharing_enabled":true,"_links":{"self":[{"href":"https:\/\/summercontrast.org\/index.php\/wp-json\/wp\/v2\/pages\/5675","targetHints":{"allow":["GET"]}}],"collection":[{"href":"https:\/\/summercontrast.org\/index.php\/wp-json\/wp\/v2\/pages"}],"about":[{"href":"https:\/\/summercontrast.org\/index.php\/wp-json\/wp\/v2\/types\/page"}],"author":[{"embeddable":true,"href":"https:\/\/summercontrast.org\/index.php\/wp-json\/wp\/v2\/users\/1"}],"replies":[{"embeddable":true,"href":"https:\/\/summercontrast.org\/index.php\/wp-json\/wp\/v2\/comments?post=5675"}],"version-history":[{"count":31,"href":"https:\/\/summercontrast.org\/index.php\/wp-json\/wp\/v2\/pages\/5675\/revisions"}],"predecessor-version":[{"id":6570,"href":"https:\/\/summercontrast.org\/index.php\/wp-json\/wp\/v2\/pages\/5675\/revisions\/6570"}],"wp:attachment":[{"href":"https:\/\/summercontrast.org\/index.php\/wp-json\/wp\/v2\/media?parent=5675"}],"curies":[{"name":"wp","href":"https:\/\/api.w.org\/{rel}","templated":true}]}}