{"id":656,"date":"2024-12-02T12:26:17","date_gmt":"2024-12-02T11:26:17","guid":{"rendered":"http:\/\/summercontrast.org\/?page_id=656"},"modified":"2026-03-22T23:41:01","modified_gmt":"2026-03-22T22:41:01","slug":"how-to-get-there","status":"publish","type":"page","link":"https:\/\/summercontrast.org\/index.php\/en\/how-to-get-there\/","title":{"rendered":"How to get there"},"content":{"rendered":"\t\t<div data-elementor-type=\"wp-page\" data-elementor-id=\"656\" class=\"elementor elementor-656\" data-elementor-post-type=\"page\">\n\t\t\t\t<div class=\"elementor-element elementor-element-9341319 e-con-full e-flex e-con e-parent\" data-id=\"9341319\" data-element_type=\"container\">\n\t\t<div class=\"elementor-element elementor-element-ea4a93a e-con-full e-flex e-con e-child\" data-id=\"ea4a93a\" data-element_type=\"container\">\n\t\t\t\t<div class=\"elementor-element elementor-element-c408b61 elementor-widget elementor-widget-html\" data-id=\"c408b61\" data-element_type=\"widget\" data-widget_type=\"html.default\">\n\t\t\t\t<div class=\"elementor-widget-container\">\n\t\t\t\t\t<style>\n  \/* Ukrywamy systemowy kursor tylko na urz\u0105dzeniach z mysz\u0105 *\/\n  @media (hover: hover) and (pointer: fine) {\n    html, body, * {\n      cursor: none !important;\n    }\n  }\n\n  .custom-cursor {\n    position: fixed;\n    width: 80px;\n    height: 80px;\n    background-image: url('https:\/\/summercontrast.org\/wp-content\/uploads\/2025\/10\/moj_kursor.png');\n    background-size: contain;\n    background-repeat: no-repeat;\n    background-position: center;\n    pointer-events: none;\n    transform: translate(-50%, -50%);\n    z-index: 999999;\n  }\n\n  .cursor-shadow {\n    position: fixed;\n    width: 200px;\n    height: 200px;\n    background: rgba(255, 255, 0, 0.45);\n    border-radius: 50%;\n    filter: blur(40px);\n    pointer-events: none;\n    transform: translate(-50%, -50%);\n    mix-blend-mode: multiply;\n    z-index: 999998;\n  }\n\n  \/* Mobile \/ tablet *\/\n  @media (max-width: 768px) {\n    .custom-cursor {\n      width: 40px;\n      height: 40px;\n    }\n\n    .cursor-shadow {\n      width: 100px;\n      height: 100px;\n      filter: blur(20px);\n    }\n  }\n<\/style>\n\n<div class=\"custom-cursor\"><\/div>\n<div class=\"cursor-shadow\"><\/div>\n\n<script>\n  (function () {\n    const cursor = document.querySelector('.custom-cursor');\n    const shadow = document.querySelector('.cursor-shadow');\n\n    if (!cursor || !shadow) return;\n\n    let x = window.innerWidth \/ 2;\n    let y = window.innerHeight \/ 2;\n    let sx = x;\n    let sy = y;\n\n    function move(nx, ny) {\n      x = nx;\n      y = ny;\n      cursor.style.left = x + 'px';\n      cursor.style.top = y + 'px';\n    }\n\n    function animate() {\n      sx += (x - sx) * 0.12;\n      sy += (y - sy) * 0.12;\n      shadow.style.left = sx + 'px';\n      shadow.style.top = sy + 'px';\n      requestAnimationFrame(animate);\n    }\n    animate();\n\n    \/* Mysz *\/\n    document.addEventListener('mousemove', function (e) {\n      move(e.clientX, e.clientY);\n    });\n\n    \/* Dotyk \u2013 pod\u0105\u017ca za palcem *\/\n    document.addEventListener('touchstart', function (e) {\n      if (!e.touches.length) return;\n      const t = e.touches[0];\n      move(t.clientX, t.clientY);\n    }, { passive: true });\n\n    document.addEventListener('touchmove', function (e) {\n      if (!e.touches.length) return;\n      const t = e.touches[0];\n      move(t.clientX, t.clientY);\n    }, { passive: true });\n\n  })();\n<\/script>\n\t\t\t\t<\/div>\n\t\t\t\t<\/div>\n\t\t\t\t<\/div>\n\t\t<div class=\"elementor-element elementor-element-f4d7305 e-flex e-con-boxed e-con e-child\" data-id=\"f4d7305\" data-element_type=\"container\">\n\t\t\t\t\t<div class=\"e-con-inner\">\n\t\t\t\t<div class=\"elementor-element elementor-element-0348c04 elementor-widget elementor-widget-heading\" data-id=\"0348c04\" data-element_type=\"widget\" data-widget_type=\"heading.default\">\n\t\t\t\t<div class=\"elementor-widget-container\">\n\t\t\t\t\t<h1 class=\"elementor-heading-title elementor-size-default\">How to get there<\/h1>\t\t\t\t<\/div>\n\t\t\t\t<\/div>\n\t\t\t\t<div class=\"elementor-element elementor-element-b43a108 elementor-widget elementor-widget-heading\" data-id=\"b43a108\" data-element_type=\"widget\" data-widget_type=\"heading.default\">\n\t\t\t\t<div class=\"elementor-widget-container\">\n\t\t\t\t\t<h2 class=\"elementor-heading-title elementor-size-default\">We want your trip to Summer Contrast to be as comfortable as possible.<br>Here are the details on how to get to the festival site:<\/h2>\t\t\t\t<\/div>\n\t\t\t\t<\/div>\n\t\t\t\t<div class=\"elementor-element elementor-element-762bb38 elementor-widget elementor-widget-heading\" data-id=\"762bb38\" data-element_type=\"widget\" data-widget_type=\"heading.default\">\n\t\t\t\t<div class=\"elementor-widget-container\">\n\t\t\t\t\t<h2 class=\"elementor-heading-title elementor-size-default\">Address and location<\/h2>\t\t\t\t<\/div>\n\t\t\t\t<\/div>\n\t\t\t\t<div class=\"elementor-element elementor-element-240113c elementor-widget elementor-widget-heading\" data-id=\"240113c\" data-element_type=\"widget\" data-widget_type=\"heading.default\">\n\t\t\t\t<div class=\"elementor-widget-container\">\n\t\t\t\t\t<h2 class=\"elementor-heading-title elementor-size-default\">The festival takes place in the picturesque location of Rogalinko 1A, 78-300 \u015awidwin. The area is surrounded by nature, yet easily accessible by various means of transport.<\/h2>\t\t\t\t<\/div>\n\t\t\t\t<\/div>\n\t\t\t\t<div class=\"elementor-element elementor-element-1d55969 elementor-widget elementor-widget-image\" data-id=\"1d55969\" data-element_type=\"widget\" data-widget_type=\"image.default\">\n\t\t\t\t<div class=\"elementor-widget-container\">\n\t\t\t\t\t\t\t\t\t\t\t\t\t\t\t<img fetchpriority=\"high\" decoding=\"async\" width=\"800\" height=\"684\" src=\"https:\/\/summercontrast.org\/wp-content\/uploads\/2024\/12\/poland.6ul4Vazi_1pGAt3-2-1024x876.png\" class=\"attachment-large size-large wp-image-615\" alt=\"\" srcset=\"https:\/\/summercontrast.org\/wp-content\/uploads\/2024\/12\/poland.6ul4Vazi_1pGAt3-2-1024x876.png 1024w, https:\/\/summercontrast.org\/wp-content\/uploads\/2024\/12\/poland.6ul4Vazi_1pGAt3-2-300x257.png 300w, https:\/\/summercontrast.org\/wp-content\/uploads\/2024\/12\/poland.6ul4Vazi_1pGAt3-2-768x657.png 768w, https:\/\/summercontrast.org\/wp-content\/uploads\/2024\/12\/poland.6ul4Vazi_1pGAt3-2-1536x1314.png 1536w, https:\/\/summercontrast.org\/wp-content\/uploads\/2024\/12\/poland.6ul4Vazi_1pGAt3-2-600x513.png 600w, https:\/\/summercontrast.org\/wp-content\/uploads\/2024\/12\/poland.6ul4Vazi_1pGAt3-2.png 1886w\" sizes=\"(max-width: 800px) 100vw, 800px\" \/>\t\t\t\t\t\t\t\t\t\t\t\t\t\t\t<\/div>\n\t\t\t\t<\/div>\n\t\t\t\t<div class=\"elementor-element elementor-element-5fd59ac elementor-widget elementor-widget-heading\" data-id=\"5fd59ac\" data-element_type=\"widget\" data-widget_type=\"heading.default\">\n\t\t\t\t<div class=\"elementor-widget-container\">\n\t\t\t\t\t<h2 class=\"elementor-heading-title elementor-size-default\">Access by car<\/h2>\t\t\t\t<\/div>\n\t\t\t\t<\/div>\n\t\t\t\t<div class=\"elementor-element elementor-element-90d2c3a elementor-widget elementor-widget-text-editor\" data-id=\"90d2c3a\" data-element_type=\"widget\" data-widget_type=\"text-editor.default\">\n\t\t\t\t<div class=\"elementor-widget-container\">\n\t\t\t\t\t\t\t\t\t<p>There is a festival car park on site &#8211; you can buy a ticket online or on site (Parking Pass) &#8211; the spots are selling like hot cakes! Follow the &#8222;Parking&#8221; signs &#8211; our volunteers will help you find a spot.<br \/><b>Request:<\/b> If you can, consider carpooling with other attendees to reduce the number of vehicles and help the environment. Don&#8217;t forget to buy a CAMPER PASS for each vehicle you want to enter the festival grounds with.<\/p>\t\t\t\t\t\t\t\t<\/div>\n\t\t\t\t<\/div>\n\t\t\t\t<div class=\"elementor-element elementor-element-9af5f8a elementor-widget elementor-widget-image\" data-id=\"9af5f8a\" data-element_type=\"widget\" data-widget_type=\"image.default\">\n\t\t\t\t<div class=\"elementor-widget-container\">\n\t\t\t\t\t\t\t\t\t\t\t\t\t\t\t<img decoding=\"async\" width=\"800\" height=\"800\" src=\"https:\/\/summercontrast.org\/wp-content\/uploads\/2024\/12\/IMG_3538-1024x1024.png\" class=\"attachment-large size-large wp-image-1038\" alt=\"\" srcset=\"https:\/\/summercontrast.org\/wp-content\/uploads\/2024\/12\/IMG_3538-1024x1024.png 1024w, https:\/\/summercontrast.org\/wp-content\/uploads\/2024\/12\/IMG_3538-300x300.png 300w, https:\/\/summercontrast.org\/wp-content\/uploads\/2024\/12\/IMG_3538-150x150.png 150w, https:\/\/summercontrast.org\/wp-content\/uploads\/2024\/12\/IMG_3538-768x768.png 768w, https:\/\/summercontrast.org\/wp-content\/uploads\/2024\/12\/IMG_3538-1536x1536.png 1536w, https:\/\/summercontrast.org\/wp-content\/uploads\/2024\/12\/IMG_3538-600x600.png 600w, https:\/\/summercontrast.org\/wp-content\/uploads\/2024\/12\/IMG_3538-100x100.png 100w, https:\/\/summercontrast.org\/wp-content\/uploads\/2024\/12\/IMG_3538.png 2048w\" sizes=\"(max-width: 800px) 100vw, 800px\" \/>\t\t\t\t\t\t\t\t\t\t\t\t\t\t\t<\/div>\n\t\t\t\t<\/div>\n\t\t\t\t<div class=\"elementor-element elementor-element-b347e77 elementor-widget elementor-widget-image\" data-id=\"b347e77\" data-element_type=\"widget\" data-widget_type=\"image.default\">\n\t\t\t\t<div class=\"elementor-widget-container\">\n\t\t\t\t\t\t\t\t\t\t\t\t\t\t\t<img decoding=\"async\" width=\"2560\" height=\"802\" src=\"https:\/\/summercontrast.org\/wp-content\/uploads\/2026\/01\/samoloty-scaled-e1767740339320.png\" class=\"attachment-full size-full wp-image-4683\" alt=\"\" srcset=\"https:\/\/summercontrast.org\/wp-content\/uploads\/2026\/01\/samoloty-scaled-e1767740339320.png 2560w, https:\/\/summercontrast.org\/wp-content\/uploads\/2026\/01\/samoloty-scaled-e1767740339320-300x94.png 300w, https:\/\/summercontrast.org\/wp-content\/uploads\/2026\/01\/samoloty-scaled-e1767740339320-1024x321.png 1024w, https:\/\/summercontrast.org\/wp-content\/uploads\/2026\/01\/samoloty-scaled-e1767740339320-768x241.png 768w, https:\/\/summercontrast.org\/wp-content\/uploads\/2026\/01\/samoloty-scaled-e1767740339320-1536x481.png 1536w, https:\/\/summercontrast.org\/wp-content\/uploads\/2026\/01\/samoloty-scaled-e1767740339320-2048x642.png 2048w, https:\/\/summercontrast.org\/wp-content\/uploads\/2026\/01\/samoloty-scaled-e1767740339320-600x188.png 600w\" sizes=\"(max-width: 2560px) 100vw, 2560px\" \/>\t\t\t\t\t\t\t\t\t\t\t\t\t\t\t<\/div>\n\t\t\t\t<\/div>\n\t\t\t\t<div class=\"elementor-element elementor-element-c04923d elementor-widget elementor-widget-heading\" data-id=\"c04923d\" data-element_type=\"widget\" data-widget_type=\"heading.default\">\n\t\t\t\t<div class=\"elementor-widget-container\">\n\t\t\t\t\t<h2 class=\"elementor-heading-title elementor-size-default\">Plane<\/h2>\t\t\t\t<\/div>\n\t\t\t\t<\/div>\n\t\t\t\t<div class=\"elementor-element elementor-element-d5aaed4 elementor-widget elementor-widget-text-editor\" data-id=\"d5aaed4\" data-element_type=\"widget\" data-widget_type=\"text-editor.default\">\n\t\t\t\t<div class=\"elementor-widget-container\">\n\t\t\t\t\t\t\t\t\tGuests visiting Summer Contrast from outside Poland can use the following airports to get to the festival site:\t\t\t\t\t\t\t\t<\/div>\n\t\t\t\t<\/div>\n\t\t\t\t<div class=\"elementor-element elementor-element-f8fa77d elementor-widget elementor-widget-text-editor\" data-id=\"f8fa77d\" data-element_type=\"widget\" data-widget_type=\"text-editor.default\">\n\t\t\t\t<div class=\"elementor-widget-container\">\n\t\t\t\t\t\t\t\t\t<ul>\n \t<li><b>Szczecin-Goleni\u00f3w Airport <\/b>is the closest airport, with direct connections from London, Liverpool, Dublin and Oslo. From the airport you can get to \u015awidwin by train (approx. 1.5 hour journey), and from there you can take a taxi directly to the festival.<\/li>\n \t<li><b>Berlin Airport<\/b>, which has the largest network of international connections in Europe. Then you can book a shuttle bus &#8211; (link), or try to get there on your own &#8211; the most convenient way is to travel by bus to Szczecin (2-3 hours away), and from there by train to \u015awidwin (approx. 1.5 h), from where only a short taxi ride separates you from the festival.<\/li>\n \t<li><b>Gdansk Airport <\/b> ooffers direct flights from many European cities, including Barcelona, \u200b\u200bParis, Amsterdam, London, Munich, Frankfurt am Main, Zurich, Stockholm, Milan, Manchester, Edinburgh and Prague. From Gda\u0144sk, you can reach \u015awidwin, Bia\u0142ograd or Koszalin by train in 3-3.5 hours, and then take a taxi directly to Rogalinek.<\/li>\n \t<li><b>Pozna\u0144 Airport<\/b>&#8211; Pozna\u0144 is 3.5 hours away by car, but a lot of people pass through this town when coming from Warsaw. If you are landing in Pozna\u0144, write on the official group and look for options to travel with other festival goers &#8211; <u><a style=\"color: black; text-decoration: underline;\" href=\"https:\/\/www.facebook.com\/groups\/435034933305865\">https:\/\/www.facebook.com\/groups\/<\/a><\/u><\/li>\n<\/ul>\t\t\t\t\t\t\t\t<\/div>\n\t\t\t\t<\/div>\n\t\t\t\t\t<\/div>\n\t\t\t\t<\/div>\n\t\t\t\t<\/div>\n\t\t<div class=\"elementor-element elementor-element-db63ff3 e-con-full e-flex e-con e-parent\" data-id=\"db63ff3\" data-element_type=\"container\">\n\t\t<div class=\"elementor-element elementor-element-fc1ada8 e-flex e-con-boxed e-con e-child\" data-id=\"fc1ada8\" data-element_type=\"container\">\n\t\t\t\t\t<div class=\"e-con-inner\">\n\t\t\t\t<div class=\"elementor-element elementor-element-7d5ef10 elementor-widget elementor-widget-heading\" data-id=\"7d5ef10\" data-element_type=\"widget\" data-widget_type=\"heading.default\">\n\t\t\t\t<div class=\"elementor-widget-container\">\n\t\t\t\t\t<h2 class=\"elementor-heading-title elementor-size-default\">Public transport<\/h2>\t\t\t\t<\/div>\n\t\t\t\t<\/div>\n\t\t\t\t<div class=\"elementor-element elementor-element-bd64847 elementor-widget elementor-widget-text-editor\" data-id=\"bd64847\" data-element_type=\"widget\" data-widget_type=\"text-editor.default\">\n\t\t\t\t<div class=\"elementor-widget-container\">\n\t\t\t\t\t\t\t\t\t<p>There are 3 train stations in the Summer Contrast area that offer direct taxi transfers to the festival site<\/p>\t\t\t\t\t\t\t\t<\/div>\n\t\t\t\t<\/div>\n\t\t\t\t<div class=\"elementor-element elementor-element-70a4976 elementor-widget elementor-widget-text-editor\" data-id=\"70a4976\" data-element_type=\"widget\" data-widget_type=\"text-editor.default\">\n\t\t\t\t<div class=\"elementor-widget-container\">\n\t\t\t\t\t\t\t\t\t<ul>\n \t<li><a style=\"color: black; text-decoration: underline;\" href=\"https:\/\/maps.app.goo.gl\/h5gs2JjRx15TDdsj6\"><b>\u015awidwin <\/b> <\/a>&#8211; the closest train station to the festival grounds.<\/li>\n \t<li> <a style=\"color: black; text-decoration: underline;\" href=\"https:\/\/maps.app.goo.gl\/9Yxpp9sz9HJeCmjS6\"><b>Bia\u0142ogard <\/b> <\/a>&#8211; 40 minutes away from the festival grounds.<\/li>\n \t<li> <a style=\"color: black; text-decoration: underline;\" href=\"https:\/\/maps.app.goo.gl\/dHyv95H2kczsmhfm8\"><b>Koszalin <\/b><\/a>&#8211; an hour&#8217;s drive to Summer Contrast.<\/li>\n<\/ul>\t\t\t\t\t\t\t\t<\/div>\n\t\t\t\t<\/div>\n\t\t\t\t<div class=\"elementor-element elementor-element-55dc733 elementor-widget elementor-widget-text-editor\" data-id=\"55dc733\" data-element_type=\"widget\" data-widget_type=\"text-editor.default\">\n\t\t\t\t<div class=\"elementor-widget-container\">\n\t\t\t\t\t\t\t\t\tIn \u015awidwin there are taxis.\n\nBelow are sample prices and possible transfers:\n<ul>\n \t<li><b>Berlin Ostbahnhof &#8211; <\/b>Bus Shuttle &#8211; <b>\n<a href=\"https:\/\/bassliner.org\/en\/tours\/summer-contrast-2026\">check the timetable<\/a>\n<\/b>\n\n \t<li><b>Szczecin airport &#8211; <\/b>taxi cost approx. PLN 600 (PLN 150 per person)<\/li>\n \t<li><b>Railway station in \u015awidwin &#8211; <\/b>There are regular buses from the station at a price of PLN 20 per person<\/li>\n \t<li><b>Bia\u0142ogard train station &#8211;<\/b> taxi price &#8211; 150 PLN<\/li>\n \t<li><b>Koszalin train station &#8211; <\/b>taxi price &#8211; 400 PLN<\/li>\n<\/ul>\nYou can also use local buses and minibuses \u2013 <b>\n<a href=\"http:\/\/pkszlocieniec.pl\/index.php\/pages\/tabliczki-przystankowe\">check the timetable<\/a>\n<\/b>\nand plan your onward journey.\t\t\t\t\t\t\t\t<\/div>\n\t\t\t\t<\/div>\n\t\t\t\t<div class=\"elementor-element elementor-element-14eb026 elementor-widget elementor-widget-heading\" data-id=\"14eb026\" data-element_type=\"widget\" data-widget_type=\"heading.default\">\n\t\t\t\t<div class=\"elementor-widget-container\">\n\t\t\t\t\t<h2 class=\"elementor-heading-title elementor-size-default\">live bus<\/h2>\t\t\t\t<\/div>\n\t\t\t\t<\/div>\n\t\t\t\t<div class=\"elementor-element elementor-element-174770a elementor-widget elementor-widget-text-editor\" data-id=\"174770a\" data-element_type=\"widget\" data-widget_type=\"text-editor.default\">\n\t\t\t\t<div class=\"elementor-widget-container\">\n\t\t\t\t\t\t\t\t\tYou can easily reach the festival grounds with dedicated buses provided by <b>LiveBus<\/b>. It\u2019s one of the simplest ways to get directly to the location without stress and step straight into the festival atmosphere.\n\nTickets for the ride can be found <b>\n<a href=\"https:\/\/livebus.eu\/product\/summer-contrast-2026\/\">here.<\/a>\n<\/b>\t\t\t\t\t\t\t\t<\/div>\n\t\t\t\t<\/div>\n\t\t\t\t<div class=\"elementor-element elementor-element-bcb395a elementor-widget elementor-widget-heading\" data-id=\"bcb395a\" data-element_type=\"widget\" data-widget_type=\"heading.default\">\n\t\t\t\t<div class=\"elementor-widget-container\">\n\t\t\t\t\t<h2 class=\"elementor-heading-title elementor-size-default\">Access by bike<\/h2>\t\t\t\t<\/div>\n\t\t\t\t<\/div>\n\t\t\t\t<div class=\"elementor-element elementor-element-3add501 elementor-widget elementor-widget-text-editor\" data-id=\"3add501\" data-element_type=\"widget\" data-widget_type=\"text-editor.default\">\n\t\t\t\t<div class=\"elementor-widget-container\">\n\t\t\t\t\t\t\t\t\t<p>For fans of ecological solutions, you can use the local infrastructure &#8211; bicycle paths and take your bike and enjoy a ride in nature, as well as during the festival!<\/p>\t\t\t\t\t\t\t\t<\/div>\n\t\t\t\t<\/div>\n\t\t\t\t<div class=\"elementor-element elementor-element-ffab0ff elementor-widget elementor-widget-heading\" data-id=\"ffab0ff\" data-element_type=\"widget\" data-widget_type=\"heading.default\">\n\t\t\t\t<div class=\"elementor-widget-container\">\n\t\t\t\t\t<h2 class=\"elementor-heading-title elementor-size-default\">For people with campers and trailers<\/h2>\t\t\t\t<\/div>\n\t\t\t\t<\/div>\n\t\t\t\t<div class=\"elementor-element elementor-element-fb74b02 elementor-widget elementor-widget-text-editor\" data-id=\"fb74b02\" data-element_type=\"widget\" data-widget_type=\"text-editor.default\">\n\t\t\t\t<div class=\"elementor-widget-container\">\n\t\t\t\t\t\t\t\t\t<p>If you are arriving by camper or trailer, make sure you have purchased a CAMPER PASS.<\/p><p>Camper spaces will be designated and coordinated by designated persons at the festival.<\/p>\t\t\t\t\t\t\t\t<\/div>\n\t\t\t\t<\/div>\n\t\t\t\t<div class=\"elementor-element elementor-element-e936cfd elementor-widget elementor-widget-text-editor\" data-id=\"e936cfd\" data-element_type=\"widget\" data-widget_type=\"text-editor.default\">\n\t\t\t\t<div class=\"elementor-widget-container\">\n\t\t\t\t\t\t\t\t\t<b>To protect the environment, we encourage you to travel to the festival together.<\/b>\n\nJoin <b>The official Summer Contrast group<\/b>\n\nand find travel companions from your city.\n\n<a style=\"color: black; text-decoration: underline;\" href=\"https:\/\/www.facebook.com\/groups\/435034933305865\">https:\/\/www.facebook.com\/groups<\/a>\n\n&nbsp;\t\t\t\t\t\t\t\t<\/div>\n\t\t\t\t<\/div>\n\t\t\t\t\t<\/div>\n\t\t\t\t<\/div>\n\t\t\t\t<\/div>\n\t\t<div class=\"elementor-element elementor-element-1e7e2eb e-con-full e-flex e-con e-parent\" data-id=\"1e7e2eb\" data-element_type=\"container\">\n\t\t\t\t<\/div>\n\t\t\t\t<\/div>\n\t\t","protected":false},"excerpt":{"rendered":"<p>How to get there We want your trip to Summer Contrast to be as comfortable as possible.Here are the details on how to get to the festival site: Address and location The festival takes place in the picturesque location of Rogalinko 1A, 78-300 \u015awidwin. The area is surrounded by nature, yet easily accessible by various [&hellip;]<\/p>\n","protected":false},"author":1,"featured_media":0,"parent":0,"menu_order":0,"comment_status":"closed","ping_status":"closed","template":"","meta":{"footnotes":""},"class_list":["post-656","page","type-page","status-publish","hentry"],"jetpack_sharing_enabled":true,"_links":{"self":[{"href":"https:\/\/summercontrast.org\/index.php\/wp-json\/wp\/v2\/pages\/656","targetHints":{"allow":["GET"]}}],"collection":[{"href":"https:\/\/summercontrast.org\/index.php\/wp-json\/wp\/v2\/pages"}],"about":[{"href":"https:\/\/summercontrast.org\/index.php\/wp-json\/wp\/v2\/types\/page"}],"author":[{"embeddable":true,"href":"https:\/\/summercontrast.org\/index.php\/wp-json\/wp\/v2\/users\/1"}],"replies":[{"embeddable":true,"href":"https:\/\/summercontrast.org\/index.php\/wp-json\/wp\/v2\/comments?post=656"}],"version-history":[{"count":47,"href":"https:\/\/summercontrast.org\/index.php\/wp-json\/wp\/v2\/pages\/656\/revisions"}],"predecessor-version":[{"id":6587,"href":"https:\/\/summercontrast.org\/index.php\/wp-json\/wp\/v2\/pages\/656\/revisions\/6587"}],"wp:attachment":[{"href":"https:\/\/summercontrast.org\/index.php\/wp-json\/wp\/v2\/media?parent=656"}],"curies":[{"name":"wp","href":"https:\/\/api.w.org\/{rel}","templated":true}]}}